{"id":56,"date":"2014-02-22T15:25:39","date_gmt":"2014-02-22T13:25:39","guid":{"rendered":"http:\/\/www.sosiologi.fi\/?page_id=56"},"modified":"2018-03-19T20:05:14","modified_gmt":"2018-03-19T18:05:14","slug":"kirjoittajalle","status":"publish","type":"page","link":"https:\/\/www.sosiologi.fi\/?page_id=56","title":{"rendered":"Kirjoittajalle"},"content":{"rendered":"<p><span style=\"line-height: 1.5em;\">Kirjoittajiksi haluavia pyydet\u00e4\u00e4n l\u00e4hett\u00e4m\u00e4\u00e4n tekstin otsikko ja muutaman virkkeen mittainen kuvaus tekstin sis\u00e4ll\u00f6st\u00e4 osoitteeseen sosiologilehti@gmail.com tai ilmoita kiinnostuksesi osallistua opiskelija &amp; tutkija -juttusarjaan. Jo valmiin tekstin voi my\u00f6s l\u00e4hett\u00e4\u00e4. Teksti hyv\u00e4ksyt\u00e4\u00e4n julkaistavaksi mahdollisten toimituksen kommenttien ja tekstiin ehdotettujen muutosten j\u00e4lkeen.<\/span><\/p>\n<p>Uusien tekstien lis\u00e4ksi julkaistavaksi soveltuvat my\u00f6s jo kirjoitettujen kurssit\u00f6iden ja opinn\u00e4ytteiden pohjalta kirjoitetut tekstit. Jokaisella hieman sosiologiaa opiskelleella on julkaistavaksi kelpaavaa materiaalia olemassa! Mahdollisia juttutyyppej\u00e4 on lueteltu alla. N\u00e4m\u00e4 kategoriat eiv\u00e4t ole sitovia, vaan ohjeellisia. Oleellisinta on sujuva kieli ja ehe\u00e4 rakenne.<\/p>\n<ul>\n<li><strong>Artikkelit<\/strong>.\u00a0Opinn\u00e4ytteiden, esseiden tai kirjallisuuskatsausten pohjalta kirjoitetut pidemm\u00e4t ja tieteellist\u00e4 argumentaatiota noudattavat tekstit. Artikkelit voivat olla teoreettisia, metodologisia, pohdiskelevia tai perustua empiirisen aineiston analyysiin, ja niiss\u00e4 k\u00e4ytet\u00e4\u00e4n l\u00e4hdeviitteit\u00e4.<\/li>\n<li><strong>Katsaukset<\/strong>.\u00a0Esimerkiksi kevyet etnografiset matkaraportit, jonkin tutkimusperinteen, tutkimusryhm\u00e4n tai ainej\u00e4rjest\u00f6toiminnan esittelyt. Tekstit voivat olla akateemisia tai puoliakateemisia.<\/li>\n<li><strong>Haastattelut<\/strong> sosiologeista tai muista kiinnostavista henkil\u00f6ist\u00e4.<\/li>\n<li><strong>Puheenvuorot<\/strong>.\u00a0Kolumnit, puheenvuorot ja kannanotot. Kantaa voi ottaa ajankohtaisiin ja ajattomampiin, tieteellisiin tai yhteiskunnallisiin kysymyksiin.<\/li>\n<li><strong>Esittelyt ja arviot<\/strong> esimerkiksi kirjoista\u00a0(tieteelliset tai muuten yhteiskunnallisesti kiinnostavat), kursseista tai yksitt\u00e4isist\u00e4 luennoista (v\u00e4it\u00f6kset, virkaanastujaisluennot, j\u00e4\u00e4hyv\u00e4isluennot jne.) ja tapahtumista (Sosiologip\u00e4iv\u00e4t jne.).<\/li>\n<\/ul>\n","protected":false},"excerpt":{"rendered":"<p>Kirjoittajiksi haluavia pyydet\u00e4\u00e4n l\u00e4hett\u00e4m\u00e4\u00e4n tekstin otsikko ja muutaman virkkeen mittainen kuvaus tekstin sis\u00e4ll\u00f6st\u00e4 osoitteeseen sosiologilehti@gmail.com tai ilmoita kiinnostuksesi osallistua opiskelija &amp; tutkija -juttusarjaan. Jo valmiin tekstin voi my\u00f6s l\u00e4hett\u00e4\u00e4. Teksti hyv\u00e4ksyt\u00e4\u00e4n julkaistavaksi mahdollisten toimituksen kommenttien ja tekstiin ehdotettujen muutosten j\u00e4lkeen. Uusien tekstien lis\u00e4ksi julkaistavaksi soveltuvat my\u00f6s jo kirjoitettujen kurssit\u00f6iden ja opinn\u00e4ytteiden pohjalta kirjoitetut tekstit. Jokaisella &hellip; <\/p>\n","protected":false},"author":1,"featured_media":0,"parent":0,"menu_order":0,"comment_status":"open","ping_status":"open","template":"","meta":[],"_links":{"self":[{"href":"https:\/\/www.sosiologi.fi\/index.php?rest_route=\/wp\/v2\/pages\/56"}],"collection":[{"href":"https:\/\/www.sosiologi.fi\/index.php?rest_route=\/wp\/v2\/pages"}],"about":[{"href":"https:\/\/www.sosiologi.fi\/index.php?rest_route=\/wp\/v2\/types\/page"}],"author":[{"embeddable":true,"href":"https:\/\/www.sosiologi.fi\/index.php?rest_route=\/wp\/v2\/users\/1"}],"replies":[{"embeddable":true,"href":"https:\/\/www.sosiologi.fi\/index.php?rest_route=%2Fwp%2Fv2%2Fcomments&post=56"}],"version-history":[{"count":15,"href":"https:\/\/www.sosiologi.fi\/index.php?rest_route=\/wp\/v2\/pages\/56\/revisions"}],"predecessor-version":[{"id":1180,"href":"https:\/\/www.sosiologi.fi\/index.php?rest_route=\/wp\/v2\/pages\/56\/revisions\/1180"}],"wp:attachment":[{"href":"https:\/\/www.sosiologi.fi\/index.php?rest_route=%2Fwp%2Fv2%2Fmedia&parent=56"}],"curies":[{"name":"wp","href":"https:\/\/api.w.org\/{rel}","templated":true}]}}